{"id":12,"date":"2025-01-14T00:43:48","date_gmt":"2025-01-14T00:43:48","guid":{"rendered":"http:\/\/lovebyemily.pl\/?page_id=12"},"modified":"2025-03-14T18:11:33","modified_gmt":"2025-03-14T18:11:33","slug":"elementor-12","status":"publish","type":"page","link":"https:\/\/lovebyemily.pl\/","title":{"rendered":"Love By Emily"},"content":{"rendered":"\t\t<div data-elementor-type=\"wp-post\" data-elementor-id=\"12\" class=\"elementor elementor-12\">\n\t\t\t\t<div class=\"elementor-element elementor-element-2582a5c e-flex e-con-boxed e-con e-parent\" data-id=\"2582a5c\" data-element_type=\"container\">\n\t\t\t\t\t<div class=\"e-con-inner\">\n\t\t\t\t<div class=\"elementor-element elementor-element-bf2c2e0 elementor-widget elementor-widget-image\" data-id=\"bf2c2e0\" data-element_type=\"widget\" data-widget_type=\"image.default\">\n\t\t\t\t<div class=\"elementor-widget-container\">\n\t\t\t\t\t\t\t\t\t\t\t\t\t\t\t<img decoding=\"async\" width=\"150\" height=\"150\" src=\"http:\/\/lovebyemily.pl\/wp-content\/uploads\/2025\/01\/LBE-PNG-150x150.png\" class=\"attachment-thumbnail size-thumbnail wp-image-55\" alt=\"\" srcset=\"http:\/\/lovebyemily.pl\/wp-content\/uploads\/2025\/01\/LBE-PNG-150x150.png 150w, http:\/\/lovebyemily.pl\/wp-content\/uploads\/2025\/01\/LBE-PNG-300x300.png 300w, http:\/\/lovebyemily.pl\/wp-content\/uploads\/2025\/01\/LBE-PNG-1024x1024.png 1024w, http:\/\/lovebyemily.pl\/wp-content\/uploads\/2025\/01\/LBE-PNG-768x768.png 768w, http:\/\/lovebyemily.pl\/wp-content\/uploads\/2025\/01\/LBE-PNG-1536x1536.png 1536w, http:\/\/lovebyemily.pl\/wp-content\/uploads\/2025\/01\/LBE-PNG-2048x2048.png 2048w\" sizes=\"(max-width: 150px) 100vw, 150px\" \/>\t\t\t\t\t\t\t\t\t\t\t\t\t\t\t<\/div>\n\t\t\t\t<\/div>\n\t\t\t\t<div class=\"elementor-element elementor-element-496e1ed elementor-widget elementor-widget-heading\" data-id=\"496e1ed\" data-element_type=\"widget\" data-widget_type=\"heading.default\">\n\t\t\t\t<div class=\"elementor-widget-container\">\n\t\t\t\t\t<h2 class=\"elementor-heading-title elementor-size-default\">Love By Emily<\/h2>\t\t\t\t<\/div>\n\t\t\t\t<\/div>\n\t\t\t\t<div class=\"elementor-element elementor-element-939199a elementor-widget elementor-widget-heading\" data-id=\"939199a\" data-element_type=\"widget\" data-widget_type=\"heading.default\">\n\t\t\t\t<div class=\"elementor-widget-container\">\n\t\t\t\t\t<h3 class=\"elementor-heading-title elementor-size-default\">Dzi\u0119kuj\u0119 za zainteresowanie ofert\u0105 dekoracji \u015blubnych.\n\n<br><br>\nZapraszam do wype\u0142nienia formularza,<br>a w przeci\u0105gu 2 tygodni dostaniecie Pa\u0144stwo na niego odpowied\u017a.\n\n<\/h3>\t\t\t\t<\/div>\n\t\t\t\t<\/div>\n\t\t\t\t<div class=\"elementor-element elementor-element-ede22c6 elementor-widget__width-initial elementor-widget elementor-widget-shortcode\" data-id=\"ede22c6\" data-element_type=\"widget\" data-widget_type=\"shortcode.default\">\n\t\t\t\t<div class=\"elementor-widget-container\">\n\t\t\t\t\t\t\t<div class=\"elementor-shortcode\">\n<div class=\"wpcf7 no-js\" id=\"wpcf7-f32-o1\" lang=\"pl-PL\" dir=\"ltr\" data-wpcf7-id=\"32\">\n<div class=\"screen-reader-response\"><p role=\"status\" aria-live=\"polite\" aria-atomic=\"true\"><\/p> <ul><\/ul><\/div>\n<form action=\"\/index.php\/wp-json\/wp\/v2\/pages\/12#wpcf7-f32-o1\" method=\"post\" class=\"wpcf7-form init\" aria-label=\"Formularz kontaktowy\" enctype=\"multipart\/form-data\" novalidate=\"novalidate\" data-status=\"init\">\n<div style=\"display: none;\">\n<input type=\"hidden\" name=\"_wpcf7\" value=\"32\" \/>\n<input type=\"hidden\" name=\"_wpcf7_version\" value=\"6.0.5\" \/>\n<input type=\"hidden\" name=\"_wpcf7_locale\" value=\"pl_PL\" \/>\n<input type=\"hidden\" name=\"_wpcf7_unit_tag\" value=\"wpcf7-f32-o1\" \/>\n<input type=\"hidden\" name=\"_wpcf7_container_post\" value=\"0\" \/>\n<input type=\"hidden\" name=\"_wpcf7_posted_data_hash\" value=\"\" \/>\n<\/div>\n<p>Imi\u0119 i nazwisko<br \/>\n<span class=\"wpcf7-form-control-wrap\" data-name=\"your-name\"><input size=\"40\" maxlength=\"400\" class=\"wpcf7-form-control wpcf7-text wpcf7-validates-as-required\" aria-required=\"true\" aria-invalid=\"false\" value=\"\" type=\"text\" name=\"your-name\" \/><\/span>\n<\/p>\n<p>Tw\u00f3j adres e-mail<br \/>\n<span class=\"wpcf7-form-control-wrap\" data-name=\"your-email\"><input size=\"40\" maxlength=\"400\" class=\"wpcf7-form-control wpcf7-email wpcf7-validates-as-required wpcf7-text wpcf7-validates-as-email\" autocomplete=\"email\" aria-required=\"true\" aria-invalid=\"false\" value=\"\" type=\"email\" name=\"your-email\" \/><\/span>\n<\/p>\n<p>Numer telefonu kontaktowego<br \/>\n<span class=\"wpcf7-form-control-wrap\" data-name=\"tel-405\"><input size=\"40\" maxlength=\"400\" class=\"wpcf7-form-control wpcf7-tel wpcf7-validates-as-required wpcf7-text wpcf7-validates-as-tel\" aria-required=\"true\" aria-invalid=\"false\" value=\"\" type=\"tel\" name=\"tel-405\" \/><\/span>\n<\/p>\n<p>1. Data \u015blubu<br \/>\n<span class=\"wpcf7-form-control-wrap\" data-name=\"dataslubu\"><input class=\"wpcf7-form-control wpcf7-date wpcf7-validates-as-required wpcf7-validates-as-date\" aria-required=\"true\" aria-invalid=\"false\" value=\"\" type=\"date\" name=\"dataslubu\" \/><\/span>\n<\/p>\n<p>2. Miejsce przyj\u0119cia weselnego<br \/>\n<span class=\"wpcf7-form-control-wrap\" data-name=\"miejscewesela\"><input size=\"40\" maxlength=\"400\" class=\"wpcf7-form-control wpcf7-text wpcf7-validates-as-required\" aria-required=\"true\" aria-invalid=\"false\" value=\"\" type=\"text\" name=\"miejscewesela\" \/><\/span>\n<\/p>\n<p>3. Miejsce \u015blubu (Miejscowo\u015b\u0107 \/ miejsce ceremonii)<br \/>\n<span class=\"wpcf7-form-control-wrap\" data-name=\"miejsceslubu\"><input size=\"40\" maxlength=\"400\" class=\"wpcf7-form-control wpcf7-text wpcf7-validates-as-required\" aria-required=\"true\" aria-invalid=\"false\" value=\"\" type=\"text\" name=\"miejsceslubu\" \/><\/span>\n<\/p>\n<p>4. Planowana ilo\u015b\u0107 go\u015bci<br \/>\n<span class=\"wpcf7-form-control-wrap\" data-name=\"iloscgosci\"><input size=\"40\" maxlength=\"400\" class=\"wpcf7-form-control wpcf7-text wpcf7-validates-as-required\" aria-required=\"true\" aria-invalid=\"false\" value=\"\" type=\"text\" name=\"iloscgosci\" \/><\/span>\n<\/p>\n<p>5. Planowany bud\u017cet na dekoracje. Ta informacja jest niezb\u0119dna do przygotowania oferty \ud83d\ude42<br \/>\nWska\u017c wide\u0142ki cenowe (np. 10-15 tys.)<br \/>\n<span class=\"wpcf7-form-control-wrap\" data-name=\"budzet\"><input size=\"40\" maxlength=\"400\" class=\"wpcf7-form-control wpcf7-text wpcf7-validates-as-required\" aria-required=\"true\" aria-invalid=\"false\" value=\"\" type=\"text\" name=\"budzet\" \/><\/span>\n<\/p>\n<p>6. Jaki planuj\u0105 Pa\u0144stwo \u015blub? (i s\u0105 zainteresowani dekoracj\u0105)<br \/>\n<span class=\"wpcf7-form-control-wrap\" data-name=\"dekoracjamiejscaslubu\"><span class=\"wpcf7-form-control wpcf7-radio\"><span class=\"wpcf7-list-item first\"><label><input type=\"radio\" name=\"dekoracjamiejscaslubu\" value=\"Ko\u015bcielny\" \/><span class=\"wpcf7-list-item-label\">Ko\u015bcielny<\/span><\/label><\/span><span class=\"wpcf7-list-item\"><label><input type=\"radio\" name=\"dekoracjamiejscaslubu\" value=\"Plenerowy\" \/><span class=\"wpcf7-list-item-label\">Plenerowy<\/span><\/label><\/span><span class=\"wpcf7-list-item\"><label><input type=\"radio\" name=\"dekoracjamiejscaslubu\" value=\"Humanistyczny\" \/><span class=\"wpcf7-list-item-label\">Humanistyczny<\/span><\/label><\/span><span class=\"wpcf7-list-item last\"><label><input type=\"radio\" name=\"dekoracjamiejscaslubu\" value=\"Nie jeste\u015bmy zainteresowani dekoracj\u0105\" \/><span class=\"wpcf7-list-item-label\">Nie jeste\u015bmy zainteresowani dekoracj\u0105<\/span><\/label><\/span><\/span><\/span>\n<\/p>\n<p>7. Planowany kszta\u0142t sto\u0142\u00f3w dla go\u015bci<br \/>\n<span class=\"wpcf7-form-control-wrap\" data-name=\"ukladstolow1\"><span class=\"wpcf7-form-control wpcf7-radio\"><span class=\"wpcf7-list-item first\"><label><input type=\"radio\" name=\"ukladstolow1\" value=\"Sto\u0142y okr\u0105g\u0142e\" \/><span class=\"wpcf7-list-item-label\">Sto\u0142y okr\u0105g\u0142e<\/span><\/label><\/span><span class=\"wpcf7-list-item\"><label><input type=\"radio\" name=\"ukladstolow1\" value=\"Sto\u0142y prostok\u0105tne\" \/><span class=\"wpcf7-list-item-label\">Sto\u0142y prostok\u0105tne<\/span><\/label><\/span><span class=\"wpcf7-list-item\"><label><input type=\"radio\" name=\"ukladstolow1\" value=\"Sto\u0142y mieszane\" \/><span class=\"wpcf7-list-item-label\">Sto\u0142y mieszane<\/span><\/label><\/span><span class=\"wpcf7-list-item last\"><label><input type=\"radio\" name=\"ukladstolow1\" value=\"Inne\" \/><span class=\"wpcf7-list-item-label\">Inne<\/span><\/label><\/span><\/span><\/span><br \/>\n<span class=\"wpcf7-form-control-wrap\" data-name=\"ukladstolow\"><input size=\"40\" maxlength=\"400\" class=\"wpcf7-form-control wpcf7-text\" aria-invalid=\"false\" value=\"\" type=\"text\" name=\"ukladstolow\" \/><\/span>\n<\/p>\n<p>8. W jakim stylu ma by\u0107 Pa\u0144stwa \u015blub?<br \/>\n<span class=\"wpcf7-form-control-wrap\" data-name=\"stylslubu\"><span class=\"wpcf7-form-control wpcf7-radio\"><span class=\"wpcf7-list-item first\"><label><input type=\"radio\" name=\"stylslubu\" value=\"Glamour (luksusowy, elegancki)\" \/><span class=\"wpcf7-list-item-label\">Glamour (luksusowy, elegancki)<\/span><\/label><\/span><span class=\"wpcf7-list-item\"><label><input type=\"radio\" name=\"stylslubu\" value=\"Rustykalny (naturalny, sielski)\" \/><span class=\"wpcf7-list-item-label\">Rustykalny (naturalny, sielski)<\/span><\/label><\/span><span class=\"wpcf7-list-item\"><label><input type=\"radio\" name=\"stylslubu\" value=\"Boho (naturalne materia\u0142y, kolory ziemi, len)\" \/><span class=\"wpcf7-list-item-label\">Boho (naturalne materia\u0142y, kolory ziemi, len)<\/span><\/label><\/span><span class=\"wpcf7-list-item\"><label><input type=\"radio\" name=\"stylslubu\" value=\"Greenery (zielono, ro\u015blinnie)\" \/><span class=\"wpcf7-list-item-label\">Greenery (zielono, ro\u015blinnie)<\/span><\/label><\/span><span class=\"wpcf7-list-item\"><label><input type=\"radio\" name=\"stylslubu\" value=\"Romantyczny (subtelny, zmys\u0142owy)\" \/><span class=\"wpcf7-list-item-label\">Romantyczny (subtelny, zmys\u0142owy)<\/span><\/label><\/span><span class=\"wpcf7-list-item\"><label><input type=\"radio\" name=\"stylslubu\" value=\"Ogrodowy (kwiatowy, \u015bwie\u017cy)\" \/><span class=\"wpcf7-list-item-label\">Ogrodowy (kwiatowy, \u015bwie\u017cy)<\/span><\/label><\/span><span class=\"wpcf7-list-item\"><label><input type=\"radio\" name=\"stylslubu\" value=\"Nowoczesny (to co w trendach)\" \/><span class=\"wpcf7-list-item-label\">Nowoczesny (to co w trendach)<\/span><\/label><\/span><span class=\"wpcf7-list-item\"><label><input type=\"radio\" name=\"stylslubu\" value=\"Tematyczny (unikalny, dopasowany pod Was)\" \/><span class=\"wpcf7-list-item-label\">Tematyczny (unikalny, dopasowany pod Was)<\/span><\/label><\/span><span class=\"wpcf7-list-item last\"><label><input type=\"radio\" name=\"stylslubu\" value=\"Inny\" \/><span class=\"wpcf7-list-item-label\">Inny<\/span><\/label><\/span><\/span><\/span><br \/>\n<span class=\"wpcf7-form-control-wrap\" data-name=\"stylslubutxt\"><input size=\"40\" maxlength=\"400\" class=\"wpcf7-form-control wpcf7-text\" aria-invalid=\"false\" value=\"\" type=\"text\" name=\"stylslubutxt\" \/><\/span>\n<\/p>\n<p>9. St\u00f3\u0142 Pary M\u0142odej<br \/>\nPomys\u0142\/Wizja na Pa\u0144stwa st\u00f3\u0142 - ile os\u00f3b b\u0119dzie siedzie\u0107 przy stole. Dekoracja sto\u0142u a mo\u017ce \u015bcianka za Pa\u0144stwem?<br \/>\n<span class=\"wpcf7-form-control-wrap\" data-name=\"stolprezydialny\"><input size=\"40\" maxlength=\"400\" class=\"wpcf7-form-control wpcf7-text\" aria-invalid=\"false\" value=\"\" type=\"text\" name=\"stolprezydialny\" \/><\/span>\n<\/p>\n<p>10. Oprawa kwiatowa Pary M\u0142odej<br \/>\n<span class=\"wpcf7-form-control-wrap\" data-name=\"pannamloda\"><span class=\"wpcf7-form-control wpcf7-checkbox\"><span class=\"wpcf7-list-item first\"><label><input type=\"checkbox\" name=\"pannamloda[]\" value=\"Bukiet Panny M\u0142odej\" \/><span class=\"wpcf7-list-item-label\">Bukiet Panny M\u0142odej<\/span><\/label><\/span><span class=\"wpcf7-list-item\"><label><input type=\"checkbox\" name=\"pannamloda[]\" value=\"Wianek\/Kwiaty we w\u0142osy dla Panny M\u0142odej\" \/><span class=\"wpcf7-list-item-label\">Wianek\/Kwiaty we w\u0142osy dla Panny M\u0142odej<\/span><\/label><\/span><span class=\"wpcf7-list-item\"><label><input type=\"checkbox\" name=\"pannamloda[]\" value=\"Bukiet dla \u015awiadkowej\/Druhen\" \/><span class=\"wpcf7-list-item-label\">Bukiet dla \u015awiadkowej\/Druhen<\/span><\/label><\/span><span class=\"wpcf7-list-item\"><label><input type=\"checkbox\" name=\"pannamloda[]\" value=\"Korsarz dla \u015awiadkowej\/Mam\/Druhen\" \/><span class=\"wpcf7-list-item-label\">Korsarz dla \u015awiadkowej\/Mam\/Druhen<\/span><\/label><\/span><span class=\"wpcf7-list-item\"><label><input type=\"checkbox\" name=\"pannamloda[]\" value=\"Butonierki dla Pan\u00f3w\" \/><span class=\"wpcf7-list-item-label\">Butonierki dla Pan\u00f3w<\/span><\/label><\/span><span class=\"wpcf7-list-item last\"><label><input type=\"checkbox\" name=\"pannamloda[]\" value=\"Nie jeste\u015bmy zainteresowani\" \/><span class=\"wpcf7-list-item-label\">Nie jeste\u015bmy zainteresowani<\/span><\/label><\/span><\/span><\/span>\n<\/p>\n<p>\u206011. Kt\u00f3re elementy dekoracji Pa\u0144stwa interesuj\u0105?<br \/>\n<span class=\"wpcf7-form-control-wrap\" data-name=\"elementydekoracji\"><span class=\"wpcf7-form-control wpcf7-checkbox\"><span class=\"wpcf7-list-item first\"><label><input type=\"checkbox\" name=\"elementydekoracji[]\" value=\"Dekoracja sto\u0142u Pary M\u0142odej\" \/><span class=\"wpcf7-list-item-label\">Dekoracja sto\u0142u Pary M\u0142odej<\/span><\/label><\/span><span class=\"wpcf7-list-item\"><label><input type=\"checkbox\" name=\"elementydekoracji[]\" value=\"Dekoracja sto\u0142\u00f3w go\u015bci\" \/><span class=\"wpcf7-list-item-label\">Dekoracja sto\u0142\u00f3w go\u015bci<\/span><\/label><\/span><span class=\"wpcf7-list-item\"><label><input type=\"checkbox\" name=\"elementydekoracji[]\" value=\"\u015acianka za Par\u0105 M\u0142od\u0105\" \/><span class=\"wpcf7-list-item-label\">\u015acianka za Par\u0105 M\u0142od\u0105<\/span><\/label><\/span><span class=\"wpcf7-list-item\"><label><input type=\"checkbox\" name=\"elementydekoracji[]\" value=\"Elementy wisz\u0105ce (lampki\/kwiaty\/materia\u0142y)\" \/><span class=\"wpcf7-list-item-label\">Elementy wisz\u0105ce (lampki\/kwiaty\/materia\u0142y)<\/span><\/label><\/span><span class=\"wpcf7-list-item\"><label><input type=\"checkbox\" name=\"elementydekoracji[]\" value=\"\u015acianka do zdj\u0119\u0107\" \/><span class=\"wpcf7-list-item-label\">\u015acianka do zdj\u0119\u0107<\/span><\/label><\/span><span class=\"wpcf7-list-item\"><label><input type=\"checkbox\" name=\"elementydekoracji[]\" value=\"Dekoracja samochodu\" \/><span class=\"wpcf7-list-item-label\">Dekoracja samochodu<\/span><\/label><\/span><span class=\"wpcf7-list-item last\"><label><input type=\"checkbox\" name=\"elementydekoracji[]\" value=\"Podzi\u0119kowania dla rodzic\u00f3w\" \/><span class=\"wpcf7-list-item-label\">Podzi\u0119kowania dla rodzic\u00f3w<\/span><\/label><\/span><\/span><\/span>\n<\/p>\n<p>12. Dodatki do dekoracji<br \/>\n<span class=\"wpcf7-form-control-wrap\" data-name=\"dodatkideko\"><span class=\"wpcf7-form-control wpcf7-checkbox\"><span class=\"wpcf7-list-item first\"><label><input type=\"checkbox\" name=\"dodatkideko[]\" value=\"Serwetki\" \/><span class=\"wpcf7-list-item-label\">Serwetki<\/span><\/label><\/span><span class=\"wpcf7-list-item\"><label><input type=\"checkbox\" name=\"dodatkideko[]\" value=\"Obrusy\" \/><span class=\"wpcf7-list-item-label\">Obrusy<\/span><\/label><\/span><span class=\"wpcf7-list-item\"><label><input type=\"checkbox\" name=\"dodatkideko[]\" value=\"Podtalerze\" \/><span class=\"wpcf7-list-item-label\">Podtalerze<\/span><\/label><\/span><span class=\"wpcf7-list-item\"><label><input type=\"checkbox\" name=\"dodatkideko[]\" value=\"\u015awiece\/\u015awieczniki\" \/><span class=\"wpcf7-list-item-label\">\u015awiece\/\u015awieczniki<\/span><\/label><\/span><span class=\"wpcf7-list-item\"><label><input type=\"checkbox\" name=\"dodatkideko[]\" value=\"Numery sto\u0142\u00f3w\" \/><span class=\"wpcf7-list-item-label\">Numery sto\u0142\u00f3w<\/span><\/label><\/span><span class=\"wpcf7-list-item\"><label><input type=\"checkbox\" name=\"dodatkideko[]\" value=\"Inne\" \/><span class=\"wpcf7-list-item-label\">Inne<\/span><\/label><\/span><span class=\"wpcf7-list-item last\"><label><input type=\"checkbox\" name=\"dodatkideko[]\" value=\"Nie jeste\u015bmy zainteresowani\" \/><span class=\"wpcf7-list-item-label\">Nie jeste\u015bmy zainteresowani<\/span><\/label><\/span><\/span><\/span><br \/>\n<span class=\"wpcf7-form-control-wrap\" data-name=\"dodatkidekotxt\"><input size=\"40\" maxlength=\"400\" class=\"wpcf7-form-control wpcf7-text\" aria-invalid=\"false\" value=\"\" type=\"text\" name=\"dodatkidekotxt\" \/><\/span>\n<\/p>\n<p>13. W tym miejscu mog\u0105 Pa\u0144stwo napisa\u0107 dodatkowe informacje odno\u015bnie dekoracji.<br \/>\n<span class=\"wpcf7-form-control-wrap\" data-name=\"infodod\"><textarea cols=\"40\" rows=\"10\" maxlength=\"2000\" class=\"wpcf7-form-control wpcf7-textarea\" aria-invalid=\"false\" name=\"infodod\"><\/textarea><\/span>\n<\/p>\n<p>14. Do\u0142\u0105czcie zdj\u0119cia inspiracji, kt\u00f3re Wam si\u0119 podobaj\u0105 lub pode\u015blijcie link do Waszej \u015blubnej tablicy na Pintere\u015bcie!<br \/>\n<span class=\"wpcf7-form-control-wrap\" data-name=\"file-338\"><input size=\"40\" class=\"wpcf7-form-control wpcf7-file\" accept=\".jpg,.jpeg,.png,.gif\" aria-invalid=\"false\" type=\"file\" name=\"file-338\" \/><\/span><br \/>\n<span class=\"wpcf7-form-control-wrap\" data-name=\"file-339\"><input size=\"40\" class=\"wpcf7-form-control wpcf7-file\" accept=\".jpg,.jpeg,.png,.gif\" aria-invalid=\"false\" type=\"file\" name=\"file-339\" \/><\/span><br \/>\n<span class=\"wpcf7-form-control-wrap\" data-name=\"file-340\"><input size=\"40\" class=\"wpcf7-form-control wpcf7-file\" accept=\".jpg,.jpeg,.png,.gif\" aria-invalid=\"false\" type=\"file\" name=\"file-340\" \/><\/span><br \/>\n<span class=\"wpcf7-form-control-wrap\" data-name=\"file-341\"><input size=\"40\" class=\"wpcf7-form-control wpcf7-file\" accept=\".jpg,.jpeg,.png,.gif\" aria-invalid=\"false\" type=\"file\" name=\"file-341\" \/><\/span>\n<\/p>\n<p>Link do tablicy:<br \/>\n<span class=\"wpcf7-form-control-wrap\" data-name=\"pinterest\"><input size=\"40\" maxlength=\"400\" class=\"wpcf7-form-control wpcf7-text\" aria-invalid=\"false\" value=\"\" type=\"text\" name=\"pinterest\" \/><\/span>\n<\/p>\n<p>Wyra\u017cam zgod\u0119 na przetwarzanie moich danych osobowych dla potrzeb niezb\u0119dnych do realizacji zapytania ofertowego z\u0142o\u017conego w formularzu.<br \/>\n(zgodnie z Ustaw\u0105 z dnia 29.08.1997 roku o Ochronie Danych Osobowych; tekst jednolity: Dz. U. 2016 r. poz. 922).\n<\/p>\n<p><input class=\"wpcf7-form-control wpcf7-submit has-spinner\" type=\"submit\" value=\"Wy\u015blij\" \/>\n<\/p><div class=\"wpcf7-response-output\" aria-hidden=\"true\"><\/div>\n<\/form>\n<\/div>\n<\/div>\n\t\t\t\t\t\t<\/div>\n\t\t\t\t<\/div>\n\t\t\t\t\t<\/div>\n\t\t\t\t<\/div>\n\t\t\t\t<\/div>\n\t\t","protected":false},"excerpt":{"rendered":"<p>Love By Emily Dzi\u0119kuj\u0119 za zainteresowanie ofert\u0105 dekoracji \u015blubnych. Zapraszam do wype\u0142nienia formularza,a w przeci\u0105gu 2 tygodni dostaniecie Pa\u0144stwo na niego odpowied\u017a.<\/p>\n","protected":false},"author":1,"featured_media":0,"parent":0,"menu_order":0,"comment_status":"closed","ping_status":"closed","template":"elementor_canvas","meta":{"footnotes":""},"class_list":["post-12","page","type-page","status-publish","hentry"],"_links":{"self":[{"href":"https:\/\/lovebyemily.pl\/index.php\/wp-json\/wp\/v2\/pages\/12","targetHints":{"allow":["GET"]}}],"collection":[{"href":"https:\/\/lovebyemily.pl\/index.php\/wp-json\/wp\/v2\/pages"}],"about":[{"href":"https:\/\/lovebyemily.pl\/index.php\/wp-json\/wp\/v2\/types\/page"}],"author":[{"embeddable":true,"href":"https:\/\/lovebyemily.pl\/index.php\/wp-json\/wp\/v2\/users\/1"}],"replies":[{"embeddable":true,"href":"https:\/\/lovebyemily.pl\/index.php\/wp-json\/wp\/v2\/comments?post=12"}],"version-history":[{"count":47,"href":"https:\/\/lovebyemily.pl\/index.php\/wp-json\/wp\/v2\/pages\/12\/revisions"}],"predecessor-version":[{"id":72,"href":"https:\/\/lovebyemily.pl\/index.php\/wp-json\/wp\/v2\/pages\/12\/revisions\/72"}],"wp:attachment":[{"href":"https:\/\/lovebyemily.pl\/index.php\/wp-json\/wp\/v2\/media?parent=12"}],"curies":[{"name":"wp","href":"https:\/\/api.w.org\/{rel}","templated":true}]}}